{"id":353,"date":"2024-12-05T14:33:25","date_gmt":"2024-12-05T12:33:25","guid":{"rendered":"https:\/\/pippel-logistik.de\/polityka-plikow-cookie\/"},"modified":"2024-12-05T14:33:25","modified_gmt":"2024-12-05T12:33:25","slug":"polityka-plikow-cookie","status":"publish","type":"page","link":"https:\/\/pippel-logistik.de\/pl\/polityka-plikow-cookie\/","title":{"rendered":"Polityka plik\u00f3w cookie"},"content":{"rendered":"<p>W niniejszej polityce dotycz\u0105cej plik\u00f3w cookie chcieliby\u015bmy wyja\u015bni\u0107, czym s\u0105 pliki cookie i technologie podobne do plik\u00f3w cookie, w jaki spos\u00f3b my i inni dostawcy us\u0142ug wykorzystujemy je na tej stronie internetowej, jakie informacje gromadz\u0105, jak d\u0142ugo i do jakich cel\u00f3w je wykorzystujemy.<\/p><h2>Spis tre\u015bci<\/h2><ul><li><a href=\"#controller-of-the-website\">Administrator strony internetowej<\/a><\/li><li><a href=\"#diff-to-privacy-policy\">Uzupe\u0142nienie polityki prywatno\u015bci<\/a><\/li><li><a href=\"#cookie-technology\">Czym s\u0105 pliki cookie i podobne technologie?<\/a><\/li><li><a href=\"#legal-basis\">Jaka jest podstawa prawna ustawiania\/odczytywania plik\u00f3w cookie?<\/a><\/li><li><a href=\"#rights-of-visitor\">Jakie prawa ma osoba odwiedzaj\u0105ca stron\u0119 internetow\u0105?<\/a><\/li><li><a href=\"#manage-cookies\">Jak zarz\u0105dza\u0107 plikami cookie w przegl\u0105darce?<\/a><\/li><li><a href=\"#types-of-cookies\">Jakie rodzaje plik\u00f3w cookie istniej\u0105?<\/a><\/li><li><a href=\"#cookies-origin\">Kto mo\u017ce ustawia\u0107 pliki cookie na tej stronie?<\/a><\/li><li><a href=\"#list-of-services\">Jakie pliki cookie s\u0105 u\u017cywane na tej stronie?<\/a><\/li><\/ul><h2 id=\"controller-of-the-website\">Administrator strony internetowej<\/h2><ul><li><strong>Dostawca: <\/strong>Pippel Logistik GmbH, Elsastra\u00dfe 23 14542 Werder, Niemcy<\/li><li><strong>E-mail: <\/strong><a target=\"_blank\" href=\"mailto:support@karenunfug.de\">support@karenunfug.de<\/a><\/li><li><strong>Telefon: <\/strong><a target=\"_blank\" href=\"tel:+4915228443883\">+4915228443883<\/a><\/li><\/ul><h2 id=\"diff-to-privacy-policy\">Uzupe\u0142nienie polityki prywatno\u015bci<\/h2><p>Niniejsza polityka dotycz\u0105ca plik\u00f3w cookie stanowi uzupe\u0142nienie <a href=\"https:\/\/pippel-logistik.de\/pl\/polityka-prywatnosci\/\" target=\"_blank\">polityki prywatno\u015bci<\/a>tej witryny. Polityka plik\u00f3w cookie okre\u015bla, w jaki spos\u00f3b strona internetowa wykorzystuje pliki cookie i jakie dane gromadzi za ich po\u015brednictwem, podczas gdy polityka prywatno\u015bci stanowi bardziej kompleksowy przegl\u0105d wszystkich dzia\u0142a\u0144 zwi\u0105zanych z przetwarzaniem danych na stronie internetowej i poza ni\u0105.<\/p><h2 id=\"cookie-technology\">Czym s\u0105 pliki cookie i podobne technologie?<\/h2><p>Pliki cookie to niewielkie informacje podobne do plik\u00f3w tekstowych, kt\u00f3re mog\u0105 by\u0107 przechowywane i odczytywane na urz\u0105dzeniu ko\u0144cowym. S\u0142u\u017c\u0105 one r\u00f3\u017cnym celom, w tym utrzymaniu podstawowych funkcji strony internetowej, bezpiecze\u0144stwa i prywatno\u015bci, zapewnieniu opcjonalnych funkcji strony internetowej, gromadzeniu danych statystycznych dotycz\u0105cych przep\u0142yw\u00f3w odwiedzaj\u0105cych i dostarczaniu system\u00f3w marketingowych. Praktyczne przyk\u0142ady tego, co mo\u017ce by\u0107 przechowywane w plikach cookie, to przechowywanie statusu logowania na kontach u\u017cytkownik\u00f3w, zawarto\u015b\u0107 koszyk\u00f3w zakupowych na platformach handlu elektronicznego lub identyfikator u\u017cytkownika do \u015bledzenia zachowania na stronie internetowej.<br \/><br \/>Informacje te mog\u0105 by\u0107 technicznie przechowywane na r\u00f3\u017cne sposoby. Najbardziej znanymi przyk\u0142adami s\u0105 pliki cookie HTTP i technologie podobne do plik\u00f3w cookie, takie jak przechowywanie lokalne, przechowywanie sesji lub IndexedDB. Ka\u017cdy rodzaj przechowywania ma inne w\u0142a\u015bciwo\u015bci, kt\u00f3re okre\u015blaj\u0105 techniczn\u0105 obs\u0142ug\u0119, dost\u0119pno\u015b\u0107 i administrator\u00f3w upowa\u017cnionych do dost\u0119pu do informacji. Wszystkie te rodzaje przechowywania s\u0105 zwykle podsumowywane terminem \"pliki cookie\" i dlatego s\u0105 tak nazywane w niniejszej polityce dotycz\u0105cej plik\u00f3w cookie.<\/p><h2 id=\"legal-basis\">Jaka jest podstawa prawna ustawiania\/odczytywania plik\u00f3w cookie?<\/h2><p>Ustawianie i odczytywanie plik\u00f3w cookie w Unii Europejskiej (UE) i Europejskim Obszarze Gospodarczym (EOG) jest zgodnie z \u00a7 173 Prawo telekomunikacyjne dozwolone tylko wtedy, gdy u\u017cytkownik wyrazi\u0142 na to zgod\u0119 na podstawie wyczerpuj\u0105cych informacji o celach przetwarzania. Operator strony internetowej mo\u017ce r\u00f3wnie\u017c ustawi\u0107 pliki cookie, je\u015bli s\u0105 one absolutnie niezb\u0119dne do zapewnienia Pa\u0144stwu jako u\u017cytkownikowi wyra\u017anie \u017c\u0105danej us\u0142ugi, np. podstawowej zawarto\u015bci tej strony internetowej lub innych \u015bci\u015ble niezb\u0119dnych plik\u00f3w cookie dla podstawowej funkcjonalno\u015bci strony internetowej, kt\u00f3ra ma by\u0107 wy\u015bwietlana Pa\u0144stwu bez Pa\u0144stwa zgody.<\/p><h2 id=\"rights-of-visitor\">Jakie prawa ma osoba odwiedzaj\u0105ca stron\u0119 internetow\u0105?<\/h2><p>Us\u0142ugi i ich pliki cookie mog\u0105 by\u0107 ustawiane i odczytywane na podstawie Pa\u0144stwa zgody lub uzasadnionego interesu. Podczas pierwszej wizyty na tej stronie internetowej zostali Pa\u0144stwo poproszeni o wyra\u017cenie zgody i mieli Pa\u0144stwo mo\u017cliwo\u015b\u0107 wyra\u017cenia sprzeciwu wobec korzystania z niekt\u00f3rych us\u0142ug. Wyja\u015bnili\u015bmy, kt\u00f3ra podstawa prawna jest u\u017cywana dla danej us\u0142ugi w naszym oknie dialogowym zgody.<br \/><br \/>Maj\u0105 Pa\u0144stwo prawo do przegl\u0105dania historii swoich decyzji, zmiany ustawie\u0144 prywatno\u015bci, sprzeciwu wobec korzystania z us\u0142ug i odwo\u0142ania zgody w dowolnym momencie. Poni\u017cej znajd\u0105 Pa\u0144stwo mo\u017cliwo\u015bci korzystania z przys\u0142uguj\u0105cych praw:<br \/><ul><li><a  href=\"#consent-change\" role=\"button\" id=\"rcb-sc-link-change\" data-success-message=\"\" class=\"rcb-sc-link rcb-sc-link-change \">Zmie\u0144 ustawienia prywatno\u015bci<\/a><\/li><li><a  href=\"#consent-history\" role=\"button\" id=\"rcb-sc-link-history\" data-success-message=\"\" class=\"rcb-sc-link rcb-sc-link-history \">Historia ustawie\u0144 prywatno\u015bci<\/a><\/li><li><a  href=\"#consent-revoke\" role=\"button\" id=\"rcb-sc-link-revoke\" data-success-message=\"Pomy\u015blnie cofn\u0119li Pa\u0144stwo zgod\u0119 na us\u0142ugi z plikami cookie i przetwarzanie danych osobowych. Strona zostanie teraz prze\u0142adowana!\" class=\"rcb-sc-link rcb-sc-link-revoke \">Cofnij zgody<\/a><\/li><\/ul><\/p><h2 id=\"manage-cookies\">Jak zarz\u0105dza\u0107 plikami cookie w przegl\u0105darce?<\/h2><p><ul><li><strong>Jak usun\u0105\u0107 pliki cookie w przegl\u0105darce:<\/strong> Aby usun\u0105\u0107 pliki cookie ze swojego urz\u0105dzenia, mog\u0105 Pa\u0144stwo wyczy\u015bci\u0107 dane przegl\u0105dania w ustawieniach przegl\u0105darki. Ta czynno\u015b\u0107 spowoduje usuni\u0119cie wszystkich plik\u00f3w cookie ze wszystkich odwiedzanych witryn, w tym potencjalnie zapisanych danych logowania i preferencji witryny. W niekt\u00f3rych przegl\u0105darkach mo\u017cna po prostu usun\u0105\u0107 pliki cookie i podobne dane bez usuwania ca\u0142ej historii przegl\u0105dania.<\/li><li><strong>Jak kontrolowa\u0107 pliki cookie w przegl\u0105darce:<\/strong> Aby uzyska\u0107 bardziej szczeg\u00f3\u0142ow\u0105 kontrol\u0119 nad plikami cookie specyficznymi dla niekt\u00f3rych witryn internetowych, prosz\u0119 przej\u015b\u0107 do ustawie\u0144 prywatno\u015bci i plik\u00f3w cookie w u\u017cywanej przegl\u0105darce. W tym miejscu mo\u017cna dostosowa\u0107 preferencje zwi\u0105zane z wykorzystywaniem plik\u00f3w cookie przez poszczeg\u00f3lne witryny.<\/li><li><strong>Jak zablokowa\u0107 pliki cookie w przegl\u0105darce:<\/strong> Mo\u017cliwe jest skonfigurowanie wi\u0119kszo\u015bci nowoczesnych przegl\u0105darek w ich ustawieniach tak, aby blokowa\u0142y wszystkie pliki cookie przed umieszczeniem na Pa\u0144stwa urz\u0105dzeniu. Blokowanie plik\u00f3w cookie mo\u017ce jednak prowadzi\u0107 do nieprawid\u0142owego dzia\u0142ania niekt\u00f3rych us\u0142ug i funkcji, np. logowania jako u\u017cytkownik. Mog\u0105 Pa\u0144stwo r\u00f3wnie\u017c korzysta\u0107 z rozszerze\u0144 dla wielu przegl\u0105darek, kt\u00f3re mog\u0105 blokowa\u0107 ustawienia plik\u00f3w cookie na stronach internetowych.<\/li><li><strong>Jak zarz\u0105dza\u0107 plikami cookie na tej stronie:<\/strong> Aby dostosowa\u0107 swoje preferencje dotycz\u0105ce plik\u00f3w cookie na tej stronie internetowej, mog\u0105 Pa\u0144stwo zmieni\u0107 swoje preferencje w dowolnym momencie, klikaj\u0105c \u0142\u0105cze w sekcji \"Prawa osoby odwiedzaj\u0105cej stron\u0119 internetow\u0105\".<\/li><\/li><\/ul><p>Wi\u0119cej informacji na temat obs\u0142ugi plik\u00f3w cookie znajd\u0105 Pa\u0144stwo na stronie <a href=\"https:\/\/devowl.io\/rcb\/cookie-handling\/\" target=\"_blank\" rel=\"noopener\">devowl.io\/rcb\/cookie-handling\/<\/a>.<\/p><\/p><h2 id=\"types-of-cookies\">Jakie rodzaje plik\u00f3w cookie istniej\u0105?<\/h2><p><ul><li><strong>Niezb\u0119dne pliki cookie<\/strong> s\u0105 konieczne do podstawowej funkcjonalno\u015bci strony internetowej i umo\u017cliwiaj\u0105 takie funkcje, jak zapisywanie danych logowania lub dost\u0119p do bezpiecznych obszar\u00f3w strony. Obejmuj\u0105 one na przyk\u0142ad pliki cookie zwi\u0105zane z bezpiecze\u0144stwem, kt\u00f3re mog\u0105 identyfikowa\u0107 bota, kt\u00f3ry nie jest po\u017c\u0105dany na stronie internetowej, poprzez przechowywanie klucza uwierzytelniaj\u0105cego w pliku cookie.<\/li><li><strong>Funkcjonalne pliki cookie<\/strong> poprawiaj\u0105 komfort u\u017cytkowania poprzez przechowywanie informacji i preferencji, takich jak ustawienia j\u0119zykowe lub ustawienia wygl\u0105du strony internetowej w celu zapewnienia personalizacji. Obejmuje to na przyk\u0142ad preferencyjne pliki cookie, kt\u00f3re przechowuj\u0105 preferowan\u0105 jako\u015b\u0107 wideo u\u017cytkownika na stronie internetowej.<\/li><li><strong>Statystyczne pliki cookie<\/strong> gromadz\u0105 dane dotycz\u0105ce korzystania z witryny internetowej w celu uzyskania wgl\u0105du w zachowanie u\u017cytkownik\u00f3w i optymalizacji wydajno\u015bci witryny. Obejmuje to na przyk\u0142ad losowo przypisany identyfikator u\u017cytkownika, kt\u00f3ry umo\u017cliwia przypisanie, czy odwiedzili Pa\u0144stwo podstron\u0119 witryny.<\/li><li><strong>Marketingowe pliki cookie<\/strong> s\u0105 wykorzystywane do \u015bledzenia zachowa\u0144 u\u017cytkownik\u00f3w na r\u00f3\u017cnych stronach internetowych oraz do wy\u015bwietlania spersonalizowanych reklam na podstawie zainteresowa\u0144 i zachowania u\u017cytkownik\u00f3w podczas surfowania. Obejmuje to na przyk\u0142ad reklamowe pliki cookie, kt\u00f3re przechowuj\u0105 interakcj\u0119 z reklam\u0105 na stronie internetowej i przekazuj\u0105 j\u0105 reklamodawcom lub system czatu dla pyta\u0144 przedsprzeda\u017cowych i obs\u0142ugi klienta.<\/li><\/li><\/ul><p>Ponadto pliki cookie mog\u0105 by\u0107 r\u00f3wnie\u017c wykorzystywane przez us\u0142ugi z nast\u0119puj\u0105cych grup lub do nast\u0119puj\u0105cych cel\u00f3w: Essenziell, Funktional<\/p><\/p><h2 id=\"cookies-origin\">Kto mo\u017ce ustawia\u0107 pliki cookie na tej stronie?<\/h2><p>Na tej stronie internetowej zar\u00f3wno operator strony internetowej, jak i us\u0142ugi stron trzecich, kt\u00f3re s\u0105 wykorzystywane na tej stronie internetowej, mog\u0105 ustawia\u0107 pliki cookie i uzyskiwa\u0107 dost\u0119p do ich tre\u015bci. To, kto mo\u017ce uzyska\u0107 dost\u0119p do kt\u00f3rych plik\u00f3w cookie i ich zawarto\u015bci, r\u00f3\u017cni si\u0119 w zale\u017cno\u015bci od tego, czy s\u0105 to pliki cookie w\u0142asne, czy zewn\u0119trzne. W\u0142asne pliki cookie s\u0105 tworzone przez odwiedzan\u0105 stron\u0119 internetow\u0105 i mog\u0105 by\u0107 odczytywane wy\u0142\u0105cznie przez operatora strony internetowej i zintegrowane us\u0142ugi stron trzecich na tej stronie. Zewn\u0119trzne pliki cookie s\u0105 zazwyczaj ustawiane przez us\u0142ugi stron trzecich w innych domenach, mog\u0105 by\u0107 odczytywane na wszystkich stronach internetowych, na kt\u00f3rych osadzona jest us\u0142uga kontroluj\u0105ca domen\u0119 i, na przyk\u0142ad, wykorzystywane przez sieci reklamowe do \u015bledzenia zachowa\u0144 u\u017cytkownik\u00f3w na r\u00f3\u017cnych stronach internetowych i oferowania spersonalizowanych reklam.<\/p><h2 id=\"list-of-services\">Jakie pliki cookie s\u0105 u\u017cywane na tej stronie?<\/h2><script type=\"application\/json\">{\"search\":{\"placeholder\":\"Szukaj...\"},\"sort\":{\"sortAsc\":\"Sortuj kolumn\\u0119 rosn\\u0105co\",\"sortDesc\":\"Sortuj kolumn\\u0119 malej\\u0105co\"},\"pagination\":{\"previous\":\"Poprzedni\",\"next\":\"Nast\\u0119pny\",\"navigate\":\"Strona %1$d z %2$d\",\"page\":\"Strona %d\",\"showing\":\"Pokazywanie\",\"of\":\"z\",\"to\":\"do\",\"results\":\"wyniki\"},\"noRecordsFound\":\"Nie znaleziono pasuj\\u0105cych rekord\\u00f3w\"}<\/script><table  class=\"devowl-wp-react-cookie-banner-cookie-policy\"><thead><tr><th width=\"200px\" scope=\"col\">Kategoria<\/th><th width=\"400px\" scope=\"col\">Techniczna nazwa pliku cookie<\/th><th width=\"400px\" scope=\"col\">Techniczny host plik\u00f3w cookie<\/th><th width=\"400px\" scope=\"col\">Us\u0142uga<\/th><th width=\"250px\" scope=\"col\">Czas trwania<\/th><th width=\"200px\" scope=\"col\">Typ<\/th><th width=\"550px\" scope=\"col\">Cel<\/th><\/tr><\/thead><tbody><tr><td>Essenziell<\/td><td>real_cookie_banner*<\/td><td>.pippel-logistik.de<\/td><td>Real Cookie Banner<\/td><td>365 dni<\/td><td>HTTP Cookie<\/td><td>Unique identifier for the consent, but not for the website visitor. Revision hash for settings of cookie banner (texts, colors, features, service groups, services, content blockers etc.). IDs for consented services and service groups.<\/td><\/tr><tr><td>Essenziell<\/td><td>real_cookie_banner*-tcf<\/td><td>.pippel-logistik.de<\/td><td>Real Cookie Banner<\/td><td>365 dni<\/td><td>HTTP Cookie<\/td><td>Consents collected under TCF stored in TC String format, including TCF vendors, purposes, special purposes, features, and special features.<\/td><\/tr><tr><td>Essenziell<\/td><td>real_cookie_banner*-gcm<\/td><td>.pippel-logistik.de<\/td><td>Real Cookie Banner<\/td><td>365 dni<\/td><td>HTTP Cookie<\/td><td>Consents into consent types (purposes)  collected under Google Consent Mode stored for all Google Consent Mode compatible services.<\/td><\/tr><tr><td>Essenziell<\/td><td>real_cookie_banner-test<\/td><td>.pippel-logistik.de<\/td><td>Real Cookie Banner<\/td><td>365 dni<\/td><td>HTTP Cookie<\/td><td>Cookie set to test HTTP cookie functionality. Deleted immediately after test.<\/td><\/tr><tr><td>Essenziell<\/td><td>real_cookie_banner*<\/td><td>https:\/\/pippel-logistik.de<\/td><td>Real Cookie Banner<\/td><td>-<\/td><td>Local Storage<\/td><td>Unique identifier for the consent, but not for the website visitor. Revision hash for settings of cookie banner (texts, colors, features, service groups, services, content blockers etc.). IDs for consented services and service groups. Is only stored until consent is documented on the website server.<\/td><\/tr><tr><td>Essenziell<\/td><td>real_cookie_banner*-tcf<\/td><td>https:\/\/pippel-logistik.de<\/td><td>Real Cookie Banner<\/td><td>-<\/td><td>Local Storage<\/td><td>Consents collected under TCF stored in TC String format, including TCF vendors, purposes, special purposes, features, and special features. Is only stored until consent is documented on the website server.<\/td><\/tr><tr><td>Essenziell<\/td><td>real_cookie_banner*-gcm<\/td><td>https:\/\/pippel-logistik.de<\/td><td>Real Cookie Banner<\/td><td>-<\/td><td>Local Storage<\/td><td>Consents collected under Google Consent Mode stored in consent types (purposes) for all Google Consent Mode compatible services. Is only stored until consent is documented on the website server.<\/td><\/tr><tr><td>Essenziell<\/td><td>real_cookie_banner-consent-queue*<\/td><td>https:\/\/pippel-logistik.de<\/td><td>Real Cookie Banner<\/td><td>-<\/td><td>Local Storage<\/td><td>Local caching of selection in cookie banner until server documents consent; documentation periodic or at page switches attempted if server is unavailable or overloaded.<\/td><\/tr><tr><td>Funktional<\/td><td>wp-wpml_current_language<\/td><td>pippel-logistik.de<\/td><td>WPML<\/td><td>1 dzie\u0144<\/td><td>HTTP Cookie<\/td><td>Current language<\/td><\/tr><tr><td>Funktional<\/td><td>wp-wpml_current_admin_language_*<\/td><td>pippel-logistik.de<\/td><td>WPML<\/td><td>-<\/td><td>IndexedDB<\/td><td>WordPress administration area language<\/td><\/tr><tr><td>Funktional<\/td><td>_icl_visitor_lang_js<\/td><td>pippel-logistik.de<\/td><td>WPML<\/td><td>Session<\/td><td>HTTP Cookie<\/td><td>Language from which there was a redirect<\/td><\/tr><tr><td>Funktional<\/td><td>wpml_browser_redirect_test<\/td><td>pippel-logistik.de<\/td><td>WPML<\/td><td>Session<\/td><td>HTTP Cookie<\/td><td>Checks whether cookies can be set or not<\/td><\/tr><\/tbody><\/table><p>Polityka plik\u00f3w cookie zosta\u0142a ostatnio zaktualizowana w dniu 2025-01-17.<\/p>\n\n","protected":false},"excerpt":{"rendered":"","protected":false},"author":2,"featured_media":0,"parent":0,"menu_order":0,"comment_status":"closed","ping_status":"closed","template":"","meta":{"_et_pb_use_builder":"","_et_pb_old_content":"","_et_gb_content_width":"","footnotes":""},"dipi_cpt_category":[],"class_list":["post-353","page","type-page","status-publish","hentry"],"_links":{"self":[{"href":"https:\/\/pippel-logistik.de\/pl\/wp-json\/wp\/v2\/pages\/353"}],"collection":[{"href":"https:\/\/pippel-logistik.de\/pl\/wp-json\/wp\/v2\/pages"}],"about":[{"href":"https:\/\/pippel-logistik.de\/pl\/wp-json\/wp\/v2\/types\/page"}],"author":[{"embeddable":true,"href":"https:\/\/pippel-logistik.de\/pl\/wp-json\/wp\/v2\/users\/2"}],"replies":[{"embeddable":true,"href":"https:\/\/pippel-logistik.de\/pl\/wp-json\/wp\/v2\/comments?post=353"}],"version-history":[{"count":0,"href":"https:\/\/pippel-logistik.de\/pl\/wp-json\/wp\/v2\/pages\/353\/revisions"}],"wp:attachment":[{"href":"https:\/\/pippel-logistik.de\/pl\/wp-json\/wp\/v2\/media?parent=353"}],"wp:term":[{"taxonomy":"dipi_cpt_category","embeddable":true,"href":"https:\/\/pippel-logistik.de\/pl\/wp-json\/wp\/v2\/dipi_cpt_category?post=353"}],"curies":[{"name":"wp","href":"https:\/\/api.w.org\/{rel}","templated":true}]}}