{"id":641,"date":"2024-02-07T16:41:26","date_gmt":"2024-02-07T14:41:26","guid":{"rendered":"https:\/\/pippel-logistik.de\/nadruk\/"},"modified":"2024-02-07T16:41:26","modified_gmt":"2024-02-07T14:41:26","slug":"nadruk","status":"publish","type":"page","link":"https:\/\/pippel-logistik.de\/pl\/nadruk\/","title":{"rendered":"Nadruk"},"content":{"rendered":"<h1>Powiadomienie o witrynie<\/h1>\n<p>Tom Oliver Pippel<br \/>Elsastra\u00dfe 23<br \/>14542 Werder<\/p>\n<p>Rejestr Handlowy: HRB 37574 P<br \/>S\u0105d rejestrowy: Amtsgericht Potsdam<\/p>\n<p><strong>Reprezentowany przez:<\/strong><br \/>Tom Oliver Pippel<\/p>\n<p><strong>Przewodnicz\u0105cy rady nadzorczej:<\/strong><br \/>XXX<\/p>\n<h2>Kontakt<\/h2>\n<p>Telefon: +4915228443883<br \/>E-mail: info@pippel-logistik.de<\/p>\n<h2>IDENTYFIKATOR VAT<\/h2>\n<p>Numer identyfikacji podatkowej zgodnie z sekcj\u0105. 27 a ustawy o podatku od sprzeda\u017cy:<br \/>XXX<\/p>\n<h2>Informacje dotycz\u0105ce ubezpieczenia od odpowiedzialno\u015bci zawodowej<\/h2>\n<p><strong>Nazwa i siedziba ubezpieczyciela:<\/strong><br \/>N\u00dcRNBERGER Allgemeine Versicherungs-AG<br \/>Ostendstra\u00dfe 100<br \/>90334 N\u00fcrnberg<\/p>\n<p><strong>Zakres ubezpieczenia:<\/strong><br \/>Deutschland<\/p>\n<h2>Osoba odpowiedzialna za redakcj\u0119<\/h2>\n<p>Tom Oliver Pippel<br \/>Elsastra\u00dfe 23<br \/>14542 Werder<\/p>\n<h2>Rozstrzyganie spor\u00f3w w UE<\/h2>\n<p>Komisja Europejska udost\u0119pnia platform\u0119 internetowego rozstrzygania spor\u00f3w (ODR): <a href=\"https:\/\/ec.europa.eu\/consumers\/odr\/\" target=\"_blank\" rel=\"noopener noreferrer\">https:\/\/ec.europa.eu\/consumers\/odr\/.<\/a><br \/> Nasz adres e-mail mo\u017cna znale\u017a\u0107 powy\u017cej w powiadomieniu o witrynie.<\/p>\n<h2>Post\u0119powanie w sprawie rozstrzygania spor\u00f3w przed polubownym s\u0105dem konsumenckim<\/h2>\n<p>Nie jeste\u015bmy sk\u0142onni ani zobowi\u0105zani do udzia\u0142u w post\u0119powaniu rozstrzygaj\u0105cym spory przed komisj\u0105 arbitra\u017cow\u0105 ds. konsument\u00f3w.<\/p>\n","protected":false},"excerpt":{"rendered":"<p>Powiadomienie o witrynie Tom Oliver PippelElsastra\u00dfe 2314542 Werder Rejestr Handlowy: HRB 37574 PS\u0105d rejestrowy: Amtsgericht Potsdam Reprezentowany przez:Tom Oliver Pippel Przewodnicz\u0105cy rady nadzorczej:XXX Kontakt Telefon: +4915228443883E-mail: info@pippel-logistik.de IDENTYFIKATOR VAT Numer identyfikacji podatkowej zgodnie z sekcj\u0105. 27 a ustawy o podatku od sprzeda\u017cy:XXX Informacje dotycz\u0105ce ubezpieczenia od odpowiedzialno\u015bci zawodowej Nazwa i siedziba ubezpieczyciela:N\u00dcRNBERGER Allgemeine Versicherungs-AGOstendstra\u00dfe 10090334 [&hellip;]<\/p>\n","protected":false},"author":2,"featured_media":167,"parent":0,"menu_order":0,"comment_status":"closed","ping_status":"closed","template":"","meta":{"_et_pb_use_builder":"","_et_pb_old_content":"","_et_gb_content_width":"","footnotes":""},"dipi_cpt_category":[],"class_list":["post-641","page","type-page","status-publish","has-post-thumbnail","hentry"],"_links":{"self":[{"href":"https:\/\/pippel-logistik.de\/pl\/wp-json\/wp\/v2\/pages\/641"}],"collection":[{"href":"https:\/\/pippel-logistik.de\/pl\/wp-json\/wp\/v2\/pages"}],"about":[{"href":"https:\/\/pippel-logistik.de\/pl\/wp-json\/wp\/v2\/types\/page"}],"author":[{"embeddable":true,"href":"https:\/\/pippel-logistik.de\/pl\/wp-json\/wp\/v2\/users\/2"}],"replies":[{"embeddable":true,"href":"https:\/\/pippel-logistik.de\/pl\/wp-json\/wp\/v2\/comments?post=641"}],"version-history":[{"count":0,"href":"https:\/\/pippel-logistik.de\/pl\/wp-json\/wp\/v2\/pages\/641\/revisions"}],"wp:featuredmedia":[{"embeddable":true,"href":"https:\/\/pippel-logistik.de\/pl\/wp-json\/wp\/v2\/media\/167"}],"wp:attachment":[{"href":"https:\/\/pippel-logistik.de\/pl\/wp-json\/wp\/v2\/media?parent=641"}],"wp:term":[{"taxonomy":"dipi_cpt_category","embeddable":true,"href":"https:\/\/pippel-logistik.de\/pl\/wp-json\/wp\/v2\/dipi_cpt_category?post=641"}],"curies":[{"name":"wp","href":"https:\/\/api.w.org\/{rel}","templated":true}]}}